{"id":1486,"date":"2018-04-01T00:00:42","date_gmt":"2018-03-31T22:00:42","guid":{"rendered":"http:\/\/localhost:8888\/?page_id=1486"},"modified":"2023-10-12T11:47:16","modified_gmt":"2023-10-12T09:47:16","slug":"schweissen","status":"publish","type":"page","link":"https:\/\/nuovastic.com\/?page_id=1486","title":{"rendered":"Schwei\u00dfen"},"content":{"rendered":"<p><section class=\"kc-elm kc-css-181448 kc_row\"><div class=\"kc-row-container  kc-container\"><div class=\"kc-wrap-columns\"><div class=\"kc-elm kc-css-293254 kc_col-sm-12 kc_column kc_col-sm-12\"><div class=\"kc-col-container\">\n<div class=\"kc-elm kc-css-765036 kc-title-wrap \">\n\n\t<h2 class=\"kc_title\">Zertifizierte schwei\u00dfprozesse MIG\/MAG e TIG <\/h2>\n<\/div>\n<div class=\"kc-elm kc-css-432776 kc_text_block\"><\/p>\n<p>\nDas Schwei\u00dfen ist die <strong>Kernkompetenz<\/strong> von Nuova Stic. <strong>MIG\/MAG und TIG Schwei\u00dftechnik<\/strong> sind nach den wichtigsten nationalen und internationalen Normen zertifiziert. Um eine richtige Ausf\u00fchrung von diesen Prozess zu garantieren, m\u00fcssen wesentliche Parameter wie die Qualit\u00e4t und Schwei\u00dfzertifizierung eingehalten werden. Damit ist ein hervorragendes Endergebnis garantiert.<\/p>\n<p>Die Norm <strong>UNI EN ISO 3834-2<\/strong> best\u00e4tigt die Qualit\u00e4t und Konformit\u00e4t vom Schwei\u00dfprozess. Die Norm <strong>UNI EN 15085-2 (Railway application)\u00a0&#8220;level CL1\"<\/strong> bestimmt die richtigen Konstruktionsvorgaben und Schwei\u00dfverfahren von\u00a0Eisenbahnteilen und \u2013Komponenten<\/p>\n<p>\n<\/div>\n\t<div class=\"kc-elm kc-css-45732 kc_shortcode kc_video_play kc_video_wrapper\">\n\t\t\t\t\t\t\t\t<video width=\"760\" height=\"429.37853107345\" controls autoplay>\n\t\t\t\t<source src=\"https:\/\/nuovastic.com\/wp-content\/uploads\/2023\/10\/NuovaStic_video_DEF-2.mp4\" type=\"video\/mp4\">\n\t\t\t\tYour browser does not support the video tag.\t\t\t<\/video>\n\n\t\t\t<\/div>\n\n<div class=\"kc-elm kc-css-524930\">\n\t<div class=\"kc-carousel_images kc-elm kc-css-524930\">\n\t\n\t\t<div class=\"kc-carousel-images owl-carousel-images kc-sync1  owl-nav-arrow\" data-owl-i-options='{\"items\":\"1\",\"tablet\":\"1\",\"mobile\":\"1\",\"speed\":\"450\",\"navigation\":\"yes\",\"pagination\":\"yes\",\"autoheight\":\"\",\"progressbar\":\"\",\"delay\":\"8\",\"autoplay\":\"yes\",\"showthumb\":\"\",\"num_thumb\":\"5\"}'>\n\t\n\t\t\t\t\t<div class=\"item\">\n\t\n\t\t\t<a class=\"kc-image-link kc-pretty-photo\" data-lightbox=\"kc-lightbox\" rel=\"prettyPhoto[524930]\" href=\"https:\/\/nuovastic.com\/wp-content\/uploads\/2023\/10\/foto-1-2.jpg\"><img decoding=\"async\" src=\"https:\/\/nuovastic.com\/wp-content\/uploads\/2023\/10\/foto-1-2.jpg\" alt=\"\" \/><\/a>\t\n\t\t\t<\/div>\n\t\n\t\t\t\t\t<div class=\"item\">\n\t\n\t\t\t<a class=\"kc-image-link kc-pretty-photo\" data-lightbox=\"kc-lightbox\" rel=\"prettyPhoto[524930]\" href=\"https:\/\/nuovastic.com\/wp-content\/uploads\/2023\/10\/0DSC08458-3.jpg\"><img decoding=\"async\" src=\"https:\/\/nuovastic.com\/wp-content\/uploads\/2023\/10\/0DSC08458-3.jpg\" alt=\"\" \/><\/a>\t\n\t\t\t<\/div>\n\t\n\t\t\t\t\t<div class=\"item\">\n\t\n\t\t\t<a class=\"kc-image-link kc-pretty-photo\" data-lightbox=\"kc-lightbox\" rel=\"prettyPhoto[524930]\" href=\"https:\/\/nuovastic.com\/wp-content\/uploads\/2023\/10\/0DSC08612-2.jpg\"><img decoding=\"async\" src=\"https:\/\/nuovastic.com\/wp-content\/uploads\/2023\/10\/0DSC08612-2.jpg\" alt=\"\" \/><\/a>\t\n\t\t\t<\/div>\n\t\n\t\t\t\t\t<div class=\"item\">\n\t\n\t\t\t<a class=\"kc-image-link kc-pretty-photo\" data-lightbox=\"kc-lightbox\" rel=\"prettyPhoto[524930]\" href=\"https:\/\/nuovastic.com\/wp-content\/uploads\/2023\/10\/0DSC08609-2.jpg\"><img decoding=\"async\" src=\"https:\/\/nuovastic.com\/wp-content\/uploads\/2023\/10\/0DSC08609-2.jpg\" alt=\"\" \/><\/a>\t\n\t\t\t<\/div>\n\t\n\t\t\t\t\t<div class=\"item\">\n\t\n\t\t\t<a class=\"kc-image-link kc-pretty-photo\" data-lightbox=\"kc-lightbox\" rel=\"prettyPhoto[524930]\" href=\"https:\/\/nuovastic.com\/wp-content\/uploads\/2023\/10\/IMG_2405-2.jpg\"><img decoding=\"async\" src=\"https:\/\/nuovastic.com\/wp-content\/uploads\/2023\/10\/IMG_2405-2.jpg\" alt=\"\" \/><\/a>\t\n\t\t\t<\/div>\n\t\n\t\t\t\n\t\t<\/div>\n\t\n\t\t\t<\/div>\n<\/div>\n<\/div><\/div><\/div><\/div><\/section><section class=\"kc-elm kc-css-403031 kc_row\"><div class=\"kc-row-container  kc-container\"><div class=\"kc-wrap-columns\"><div class=\"kc-elm kc-css-578372 kc_col-sm-12 kc_column kc_col-sm-12\"><div class=\"kc-col-container\">\n<div class=\"kc-elm kc-css-194226 kc-title-wrap \">\n\n\t<h3 class=\"kc_title\">Fronius Variosynergic MIG_MAG 4000\/4000-2<\/h3>\n<\/div>\n<div class=\"kc-elm kc-css-795832 kc_text_block\"><\/p>\n<p>\n<i class=\"fa fa-file-pdf-o\"><\/i> <a class=\"pdf\" href=\"http:\/\/arroweld.it\/saldatura\/prodotti_dettaglio.asp?mcat=fronius&#038;cat=filo_continuo-mig_mag_cmt&#038;fam=saldatrice_a_filo_variosynergic_3400-3400-2-4000-4000-2-5000-5000-2&#038;qi=17-85-1567\" target=\"_blank\" rel=\"noopener\">Siehe technische Daten<\/a><\/p>\n<p>\n<\/div>\n<div class=\"kc-elm kc-css-969209 divider_line\">\n\t<div class=\"divider_inner divider_line1\">\n\t\t\t<\/div>\n<\/div>\n\n<div class=\"kc-elm kc-css-649122 kc-title-wrap \">\n\n\t<h3 class=\"kc_title\">Fronius Transtig 2500 JOB<\/h3>\n<\/div>\n<div class=\"kc-elm kc-css-102025 kc_text_block\"><\/p>\n<p>\n<i class=\"fa fa-file-pdf-o\"><\/i> <a class=\"pdf\" href=\"http:\/\/arroweld.it\/saldatura\/prodotti_dettaglio.asp?mcat=fronius&#038;cat=tig&#038;fam=saldatrice_transtig_2500-3000-2500_job-3000_job-2500_comfort-3000_comfort&#038;qi=17-86-1750\" target=\"_blank\" rel=\"noopener\">Siehe technische Daten<\/a><\/p>\n<p>\n<\/div><\/div><\/div><\/div><\/div><\/section><section class=\"kc-elm kc-css-704774 kc_row\"><div class=\"kc-row-container  kc-container\"><div class=\"kc-wrap-columns\"><div class=\"kc-elm kc-css-746440 kc_col-sm-12 kc_column kc_col-sm-12\"><div class=\"kc-col-container\"><div class=\"kc-elm kc-css-621498\" style=\"height: 20px; clear: both; width:100%;\"><\/div><\/div><\/div><\/div><\/div><\/section><section class=\"kc-elm kc-css-225833 kc_row\"><div class=\"kc-row-container  kc-container\"><div class=\"kc-wrap-columns\"><div class=\"kc-elm kc-css-18003 kc_col-sm-12 kc_column kc_col-sm-12\"><div class=\"kc-col-container\">\n<div class=\"kc-elm kc-css-241232 kc-title-wrap \">\n\n\t<h3 class=\"kc_title\">Schwei\u00dfroboter Fanuc AM100IC8l\r\n<\/h3>\n<\/div>\n<div class=\"kc-elm kc-css-825839 kc_text_block\"><\/p>\n<p> <i class=\"fa fa-file-pdf-o\"><\/i> <a class=\"pdf\" href=\"http:\/\/www.fanuc.eu\/de\/de\/roboter\/roboterfilter-seite\/schutzgasschwei%C3%9Fen\/arcmate-100ic-8l?returnurl=http%3A%2F%2Fwww.fanuc.eu%2Fde%2Fde%2Froboter%2Froboterfilter-seite\" target=\"_blank\" rel=\"noopener\">Siehe technische Daten<\/a><\/p>\n<p>\n<\/div>\n<div class=\"kc-elm kc-css-309217 divider_line\">\n\t<div class=\"divider_inner divider_line1\">\n\t\t\t<\/div>\n<\/div>\n<div class=\"kc-elm kc-css-609822\" style=\"height: 20px; clear: both; width:100%;\"><\/div><div data-kc-equalheight=\"true\" data-kc-row-action=\"true\" data-kc-equalheight-align=\"middle\" class=\"kc-elm kc-css-154329 kc_row kc_row_inner\"><div class=\"kc-elm kc-css-632989 kc_col-sm-6 kc_column_inner kc_col-sm-6\"><div class=\"kc_wrapper kc-col-inner-container\"><div class=\"kc-elm kc-css-869802 kc_text_block\"><\/p>\n<p><strong>eine Tragkraft:<\/strong><\/p>\n<p>\n<\/div><\/div><\/div><div class=\"kc-elm kc-css-4162 kc_col-sm-6 kc_column_inner kc_col-sm-6\"><div class=\"kc_wrapper kc-col-inner-container\"><div class=\"kc-elm kc-css-376091 kc_text_block\"><\/p>\n<p>\n8 kg<\/p>\n<p>\n<\/div><\/div><\/div><\/div><div class=\"kc-elm kc-css-417704 kc_row kc_row_inner\"><div class=\"kc-elm kc-css-873092 kc_col-sm-12 kc_column_inner kc_col-sm-12\"><div class=\"kc_wrapper kc-col-inner-container\">\n<div class=\"kc-elm kc-css-583226 divider_line\">\n\t<div class=\"divider_inner divider_line1\">\n\t\t\t<\/div>\n<\/div>\n<div class=\"kc-elm kc-css-212985\" style=\"height: 25px; clear: both; width:100%;\"><\/div><\/div><\/div><\/div><div data-kc-equalheight=\"true\" data-kc-row-action=\"true\" data-kc-equalheight-align=\"middle\" class=\"kc-elm kc-css-733777 kc_row kc_row_inner\"><div class=\"kc-elm kc-css-184106 kc_col-sm-6 kc_column_inner kc_col-sm-6\"><div class=\"kc_wrapper kc-col-inner-container\"><div class=\"kc-elm kc-css-998269 kc_text_block\"><\/p>\n<p><strong>eine Reichweite:<\/strong><\/p>\n<p>\n<\/div><\/div><\/div><div class=\"kc-elm kc-css-206300 kc_col-sm-6 kc_column_inner kc_col-sm-6\"><div class=\"kc_wrapper kc-col-inner-container\"><div class=\"kc-elm kc-css-695863 kc_text_block\"><\/p>\n<p>\n2.032 mm<\/p>\n<p>\n<\/div><\/div><\/div><\/div><div class=\"kc-elm kc-css-386652 kc_row kc_row_inner\"><div class=\"kc-elm kc-css-303570 kc_col-sm-12 kc_column_inner kc_col-sm-12\"><div class=\"kc_wrapper kc-col-inner-container\">\n<div class=\"kc-elm kc-css-64457 divider_line\">\n\t<div class=\"divider_inner divider_line1\">\n\t\t\t<\/div>\n<\/div>\n<div class=\"kc-elm kc-css-228963\" style=\"height: 25px; clear: both; width:100%;\"><\/div><\/div><\/div><\/div><div data-kc-equalheight=\"true\" data-kc-row-action=\"true\" data-kc-equalheight-align=\"middle\" class=\"kc-elm kc-css-211717 kc_row kc_row_inner\"><div class=\"kc-elm kc-css-295198 kc_col-sm-6 kc_column_inner kc_col-sm-6\"><div class=\"kc_wrapper kc-col-inner-container\"><div class=\"kc-elm kc-css-421888 kc_text_block\"><\/p>\n<p><strong>mechanische Wiederholbarkeit:<\/strong><\/p>\n<p>\n<\/div><\/div><\/div><div class=\"kc-elm kc-css-188771 kc_col-sm-6 kc_column_inner kc_col-sm-6\"><div class=\"kc_wrapper kc-col-inner-container\"><div class=\"kc-elm kc-css-722296 kc_text_block\"><\/p>\n<p>\n+\/-0.1 mm<\/p>\n<p>\n<\/div><\/div><\/div><\/div><div class=\"kc-elm kc-css-876263 kc_row kc_row_inner\"><div class=\"kc-elm kc-css-755579 kc_col-sm-12 kc_column_inner kc_col-sm-12\"><div class=\"kc_wrapper kc-col-inner-container\">\n<div class=\"kc-elm kc-css-980308 divider_line\">\n\t<div class=\"divider_inner divider_line1\">\n\t\t\t<\/div>\n<\/div>\n<div class=\"kc-elm kc-css-831684\" style=\"height: 25px; clear: both; width:100%;\"><\/div><\/div><\/div><\/div><div class=\"kc-elm kc-css-732153 kc_row kc_row_inner\"><div class=\"kc-elm kc-css-788340 kc_col-sm-6 kc_column_inner kc_col-sm-6\"><div class=\"kc_wrapper kc-col-inner-container\"><div class=\"kc-elm kc-css-655851 kc_text_block\"><\/p>\n<p><strong>Doppelstation und Drehtisch:<\/strong><\/p>\n<p>\n<\/div><\/div><\/div><div class=\"kc-elm kc-css-274369 kc_col-sm-6 kc_column_inner kc_col-sm-6\"><div class=\"kc_wrapper kc-col-inner-container\"><\/div><\/div><\/div><\/div><\/div><\/div><\/div><\/section><section class=\"kc-elm kc-css-607750 kc_row\"><div class=\"kc-row-container  kc-container\"><div class=\"kc-wrap-columns\"><div class=\"kc-elm kc-css-361368 kc_col-sm-12 kc_column kc_col-sm-12\"><div class=\"kc-col-container\"><div class=\"kc-elm kc-css-657007\" style=\"height: 200px; clear: both; width:100%;\"><\/div><\/div><\/div><\/div><\/div><\/section><\/p>\n","protected":false},"excerpt":{"rendered":"","protected":false},"author":1,"featured_media":0,"parent":1359,"menu_order":5,"comment_status":"closed","ping_status":"closed","template":"","meta":{"jetpack_post_was_ever_published":false,"footnotes":""},"aioseo_notices":[],"jetpack_sharing_enabled":true,"jetpack_shortlink":"https:\/\/wp.me\/P9OIHT-nY","_links":{"self":[{"href":"https:\/\/nuovastic.com\/index.php?rest_route=\/wp\/v2\/pages\/1486"}],"collection":[{"href":"https:\/\/nuovastic.com\/index.php?rest_route=\/wp\/v2\/pages"}],"about":[{"href":"https:\/\/nuovastic.com\/index.php?rest_route=\/wp\/v2\/types\/page"}],"author":[{"embeddable":true,"href":"https:\/\/nuovastic.com\/index.php?rest_route=\/wp\/v2\/users\/1"}],"replies":[{"embeddable":true,"href":"https:\/\/nuovastic.com\/index.php?rest_route=%2Fwp%2Fv2%2Fcomments&post=1486"}],"version-history":[{"count":10,"href":"https:\/\/nuovastic.com\/index.php?rest_route=\/wp\/v2\/pages\/1486\/revisions"}],"predecessor-version":[{"id":2651,"href":"https:\/\/nuovastic.com\/index.php?rest_route=\/wp\/v2\/pages\/1486\/revisions\/2651"}],"up":[{"embeddable":true,"href":"https:\/\/nuovastic.com\/index.php?rest_route=\/wp\/v2\/pages\/1359"}],"wp:attachment":[{"href":"https:\/\/nuovastic.com\/index.php?rest_route=%2Fwp%2Fv2%2Fmedia&parent=1486"}],"curies":[{"name":"wp","href":"https:\/\/api.w.org\/{rel}","templated":true}]}}