{"id":1400,"date":"2018-03-31T19:29:30","date_gmt":"2018-03-31T17:29:30","guid":{"rendered":"http:\/\/localhost:8888\/?page_id=1400"},"modified":"2018-06-25T00:08:54","modified_gmt":"2018-06-24T22:08:54","slug":"konstruktion-kontrolle","status":"publish","type":"page","link":"https:\/\/nuovastic.com\/?page_id=1400","title":{"rendered":"Konstruktion &#038; Kontrolle"},"content":{"rendered":"<section class=\"kc-elm kc-css-387611 kc_row\"><div class=\"kc-row-container  kc-container\"><div class=\"kc-wrap-columns\"><div class=\"kc-elm kc-css-867878 kc_col-sm-12 kc_column kc_col-sm-12\"><div class=\"kc-col-container\"><div class=\"kc-elm kc-css-918679 kc_text_block\"><\/p>\n<p>Fachliche Kompetenzen\u00a0der Techniker und die Verwendung von\u00a0<strong>CAD-System SolidWorks\u00a0<\/strong>gew\u00e4hrleisten\u00a0den Kunden bestm\u00f6gliche L\u00f6sungen f\u00fcr jeden Bedarf.\u00a0Mittels der Anwendersoftwares\u00a0<strong>CAD\/CAM <\/strong>entwickelt und verplant den Produktionsvorgang von jedem\u00a0einzelnen Produkt.\u00a0Die Software verarbeitet die Daten und erstellt die\u00a0Dokumentation betreffend jedes Projektes.<\/p>\n<p>\n<\/div><\/div><\/div><\/div><\/div><\/section>\n","protected":false},"excerpt":{"rendered":"","protected":false},"author":1,"featured_media":0,"parent":1359,"menu_order":0,"comment_status":"closed","ping_status":"closed","template":"","meta":{"jetpack_post_was_ever_published":false,"footnotes":""},"aioseo_notices":[],"jetpack_sharing_enabled":true,"jetpack_shortlink":"https:\/\/wp.me\/P9OIHT-mA","_links":{"self":[{"href":"https:\/\/nuovastic.com\/index.php?rest_route=\/wp\/v2\/pages\/1400"}],"collection":[{"href":"https:\/\/nuovastic.com\/index.php?rest_route=\/wp\/v2\/pages"}],"about":[{"href":"https:\/\/nuovastic.com\/index.php?rest_route=\/wp\/v2\/types\/page"}],"author":[{"embeddable":true,"href":"https:\/\/nuovastic.com\/index.php?rest_route=\/wp\/v2\/users\/1"}],"replies":[{"embeddable":true,"href":"https:\/\/nuovastic.com\/index.php?rest_route=%2Fwp%2Fv2%2Fcomments&post=1400"}],"version-history":[{"count":11,"href":"https:\/\/nuovastic.com\/index.php?rest_route=\/wp\/v2\/pages\/1400\/revisions"}],"predecessor-version":[{"id":2143,"href":"https:\/\/nuovastic.com\/index.php?rest_route=\/wp\/v2\/pages\/1400\/revisions\/2143"}],"up":[{"embeddable":true,"href":"https:\/\/nuovastic.com\/index.php?rest_route=\/wp\/v2\/pages\/1359"}],"wp:attachment":[{"href":"https:\/\/nuovastic.com\/index.php?rest_route=%2Fwp%2Fv2%2Fmedia&parent=1400"}],"curies":[{"name":"wp","href":"https:\/\/api.w.org\/{rel}","templated":true}]}}