{"id":1370,"date":"2018-03-31T18:49:53","date_gmt":"2018-03-31T16:49:53","guid":{"rendered":"http:\/\/localhost:8888\/?page_id=1370"},"modified":"2023-10-12T12:40:06","modified_gmt":"2023-10-12T10:40:06","slug":"produkte","status":"publish","type":"page","link":"https:\/\/nuovastic.com\/?page_id=1370","title":{"rendered":"Produkte"},"content":{"rendered":"<p><section class=\"kc-elm kc-css-745047 kc_row\"><div class=\"kc-row-container  kc-container\"><div class=\"kc-wrap-columns\"><div class=\"kc-elm kc-css-51627 kc_col-sm-12 kc_column kc_col-sm-12\"><div class=\"kc-col-container\"><div class=\"kc-elm kc-css-209633 kc_shortcode kc_single_image\">\n\n        <img decoding=\"async\" src=\"https:\/\/nuovastic.com\/wp-content\/uploads\/2023\/10\/Banner04-scaled.jpg\" class=\"\" alt=\"\" \/>    <\/div>\n<div class=\"kc-elm kc-css-589318\" style=\"height: 20px; clear: both; width:100%;\"><\/div><\/div><\/div><\/div><\/div><\/section><section class=\"kc-elm kc-css-512040 kc_row\"><div class=\"kc-row-container  kc-container\"><div class=\"kc-wrap-columns\"><div class=\"kc-elm kc-css-469024 kc_col-sm-3 kc_column kc_col-sm-3\"><div class=\"kc-col-container\"><div class=\"kc-elm kc-css-398664 kc_row kc_row_inner\"><div class=\"kc-elm kc-css-518433 kc_col-sm-9 kc_column_inner kc_col-sm-9\"><div class=\"kc_wrapper kc-col-inner-container\"><div class=\"kc-elm kc-css-826763 kc_text_block\"><\/p>\n<p><strong>ZERTIFIZIERUNGEN:<\/strong><\/p>\n<p class=\"with-icon\"><strong>UNI EN ISO 3834-2<\/strong><br \/>Qualit\u00e4tserfordernisse des Schwei\u00df-Verfahrens f\u00fcr die Fusion der Metalle<br \/><i class=\"fa fa-file-pdf-o\"><\/i> <a class=\"pdf\" href=\"https:\/\/acrobat.adobe.com\/id\/urn:aaid:sc:EU:45a9a348-a717-4d88-8296-69e92c103554\" target=\"_blank\" rel=\"noopener noreferrer\">Download PDF<\/a><\/p>\n<p class=\"with-icon\"><strong>UNI EN 15085-2<\/strong><br \/>Schwei\u00dfen von Schienenfahrzeugen und \u2013fahrzeugteilen<br \/><i class=\"fa fa-file-pdf-o\"><\/i> <a class=\"pdf\" href=\"https:\/\/acrobat.adobe.com\/id\/urn:aaid:sc:eu:261bd04b-590b-40d5-8a67-051531d9e439\" target=\"_blank\" rel=\"noopener noreferrer\">Download PDF<\/a><\/p>\n<p class=\"with-icon\"><strong>UNI EN ISO 9001-2015<\/strong><br \/>Qualit\u00e4tsmanagementsystem<br \/><i class=\"fa fa-file-pdf-o\"><\/i> <a class=\"pdf\" href=\"https:\/\/acrobat.adobe.com\/id\/urn:aaid:sc:EU:5997c69f-d55f-478c-83e7-2a8c0afafe7a\" target=\"_blank\" rel=\"noopener noreferrer\">Download PDF<\/a><\/p>\n<p>\n<\/div><\/div><\/div><\/div><div class=\"kc-elm kc-css-688188\" style=\"height: 10px; clear: both; width:100%;\"><\/div><div class=\"kc-elm kc-css-604988 kc_row kc_row_inner\"><div class=\"kc-elm kc-css-90977 kc_col-sm-12 kc_column_inner kc_col-sm-12\"><div class=\"kc_wrapper kc-col-inner-container\"><div class=\"kc-elm kc-css-682977 kc_text_block\"><\/p>\n<p><i class=\"fa fa-file-pdf-o\"><\/i> <a class=\"pdf\" href=\"https:\/\/acrobat.adobe.com\/id\/urn:aaid:sc:eu:dda35637-2881-40ad-a91b-a9560907a70a\">Politik f\u00fcr die Qualit\u00e4t<\/a><\/p>\n<p>\n<\/div><\/div><\/div><\/div><div class=\"kc-elm kc-css-15538\" style=\"height: 10px; clear: both; width:100%;\"><\/div><div class=\"kc-elm kc-css-696636 kc_row kc_row_inner\"><div class=\"kc-elm kc-css-473899 kc_col-sm-12 kc_column_inner kc_col-sm-12\"><div class=\"kc_wrapper kc-col-inner-container\"><div class=\"kc-elm kc-css-735543 kc_text_block\"><\/p>\n<p>\n<i class=\"fa fa-file-pdf-o\"><\/i> <a class=\"pdf\" href=\"https:\/\/drive.google.com\/open?id=1mRhcOUCSkpgegSJr7sDd41DozqaBQmlJ\">Datenschutzerkl\u00e4rung<\/a><\/p>\n<p>\n<\/div><\/div><\/div><\/div><div class=\"kc-elm kc-css-192307\" style=\"height: 200px; clear: both; width:100%;\"><\/div><\/div><\/div><div class=\"kc-elm kc-css-564056 kc_col-sm-9 kc_column kc_col-sm-9\"><div class=\"kc-col-container\"><div class=\"kc-elm kc-css-143773 kc_row kc_row_inner\"><div class=\"kc-elm kc-css-978267 kc_col-sm-12 kc_column_inner kc_col-sm-12\"><div class=\"kc_wrapper kc-col-inner-container\"><div class=\"kc-elm kc-css-248133 kc-feature-boxes kc-fb-layout-5\">\n\n\t<div class=\"content-position\">Aufmerksamkeit f\u00fcrs Detail<\/div><div class=\"content-title\">Projektgalerie<\/div><div class=\"content-desc\">Hier finden Sie einige bisherigen Projekte, die Nuova Stic auf Wunsch des Kunden hergestellt und gefertigt hat.<\/div>\n<\/div>\n<div data-open-on-mouseover=\"\" data-tab-active=\"1\" data-effect-option=\"\" class=\"kc-elm kc-css-404827 kc_tabs group\">\n\t<div class=\"kc_wrapper ui-tabs kc_clearfix\">\n\t\t<ul class=\"kc_tabs_nav ui-tabs-nav kc_clearfix\">\n\t\t\t<li><a href=\"#\" data-prevent=\"scroll\">Laserschneiden<\/a><\/li><li><a href=\"#\" data-prevent=\"scroll\">Stanzen<\/a><\/li><li><a href=\"#\" data-prevent=\"scroll\">Abkanten<\/a><\/li><li><a href=\"#\" data-prevent=\"scroll\">Entgratung<\/a><\/li><li><a href=\"#\" data-prevent=\"scroll\">Schwei\u00dfen<\/a><\/li>\t\t<\/ul>\n\t\t<div id=\"laserschneiden\" class=\"kc-elm kc-css-822745 kc_tab ui-tabs-panel kc_ui-tabs-hide kc_clearfix \"><div class=\"kc_tab_content\"><div class=\"kc-elm kc-css-134240\">\n\t<div class=\"kc-carousel_images kc-elm kc-css-134240\">\n\t\n\t\t<div class=\"kc-carousel-images owl-carousel-images kc-sync1  owl-nav-arrow\" data-owl-i-options='{\"items\":\"1\",\"tablet\":\"1\",\"mobile\":\"1\",\"speed\":\"450\",\"navigation\":\"yes\",\"pagination\":\"yes\",\"autoheight\":\"\",\"progressbar\":\"\",\"delay\":\"8\",\"autoplay\":\"yes\",\"showthumb\":\"\",\"num_thumb\":\"5\"}'>\n\t\n\t\t\t\t\t<div class=\"item\">\n\t\n\t\t\t<a class=\"kc-image-link kc-pretty-photo\" data-lightbox=\"kc-lightbox\" rel=\"prettyPhoto[134240]\" href=\"https:\/\/nuovastic.com\/wp-content\/uploads\/2023\/10\/0DSC08394-2.jpg\"><img decoding=\"async\" src=\"https:\/\/nuovastic.com\/wp-content\/uploads\/2023\/10\/0DSC08394-2.jpg\" alt=\"\" \/><\/a>\t\n\t\t\t<\/div>\n\t\n\t\t\t\t\t<div class=\"item\">\n\t\n\t\t\t<a class=\"kc-image-link kc-pretty-photo\" data-lightbox=\"kc-lightbox\" rel=\"prettyPhoto[134240]\" href=\"https:\/\/nuovastic.com\/wp-content\/uploads\/2023\/10\/0IMG_2519-2.jpg\"><img decoding=\"async\" src=\"https:\/\/nuovastic.com\/wp-content\/uploads\/2023\/10\/0IMG_2519-2.jpg\" alt=\"\" \/><\/a>\t\n\t\t\t<\/div>\n\t\n\t\t\t\t\t<div class=\"item\">\n\t\n\t\t\t<a class=\"kc-image-link kc-pretty-photo\" data-lightbox=\"kc-lightbox\" rel=\"prettyPhoto[134240]\" href=\"https:\/\/nuovastic.com\/wp-content\/uploads\/2023\/10\/0IMG_2526-2.jpg\"><img decoding=\"async\" src=\"https:\/\/nuovastic.com\/wp-content\/uploads\/2023\/10\/0IMG_2526-2.jpg\" alt=\"\" \/><\/a>\t\n\t\t\t<\/div>\n\t\n\t\t\t\t\t<div class=\"item\">\n\t\n\t\t\t<a class=\"kc-image-link kc-pretty-photo\" data-lightbox=\"kc-lightbox\" rel=\"prettyPhoto[134240]\" href=\"https:\/\/nuovastic.com\/wp-content\/uploads\/2023\/10\/IMG_03-2.jpg\"><img decoding=\"async\" src=\"https:\/\/nuovastic.com\/wp-content\/uploads\/2023\/10\/IMG_03-2.jpg\" alt=\"\" \/><\/a>\t\n\t\t\t<\/div>\n\t\n\t\t\t\n\t\t<\/div>\n\t\n\t\t\t<\/div>\n<\/div>\n<\/div><\/div><div id=\"stanzen\" class=\"kc-elm kc-css-270212 kc_tab ui-tabs-panel kc_ui-tabs-hide kc_clearfix \"><div class=\"kc_tab_content\"><div class=\"kc-elm kc-css-976167\">\n\t<div class=\"kc-carousel_images kc-elm kc-css-976167\">\n\t\n\t\t<div class=\"kc-carousel-images owl-carousel-images kc-sync1  owl-nav-arrow\" data-owl-i-options='{\"items\":\"1\",\"tablet\":\"1\",\"mobile\":\"1\",\"speed\":\"450\",\"navigation\":\"yes\",\"pagination\":\"yes\",\"autoheight\":\"\",\"progressbar\":\"\",\"delay\":\"8\",\"autoplay\":\"yes\",\"showthumb\":\"\",\"num_thumb\":\"5\"}'>\n\t\n\t\t\t\t\t<div class=\"item\">\n\t\n\t\t\t<a class=\"kc-image-link kc-pretty-photo\" data-lightbox=\"kc-lightbox\" rel=\"prettyPhoto[976167]\" href=\"https:\/\/nuovastic.com\/wp-content\/uploads\/2023\/10\/foto3-2.jpg\"><img decoding=\"async\" src=\"https:\/\/nuovastic.com\/wp-content\/uploads\/2023\/10\/foto3-2.jpg\" alt=\"\" \/><\/a>\t\n\t\t\t<\/div>\n\t\n\t\t\t\n\t\t<\/div>\n\t\n\t\t\t<\/div>\n<\/div>\n<\/div><\/div><div id=\"abkanten\" class=\"kc-elm kc-css-82254 kc_tab ui-tabs-panel kc_ui-tabs-hide kc_clearfix \"><div class=\"kc_tab_content\"><div class=\"kc-elm kc-css-581540\">\n\t<div class=\"kc-carousel_images kc-elm kc-css-581540\">\n\t\n\t\t<div class=\"kc-carousel-images owl-carousel-images kc-sync1  owl-nav-arrow\" data-owl-i-options='{\"items\":\"1\",\"tablet\":\"1\",\"mobile\":\"1\",\"speed\":\"450\",\"navigation\":\"yes\",\"pagination\":\"yes\",\"autoheight\":\"\",\"progressbar\":\"\",\"delay\":\"8\",\"autoplay\":\"yes\",\"showthumb\":\"\",\"num_thumb\":\"5\"}'>\n\t\n\t\t\t\t\t<div class=\"item\">\n\t\n\t\t\t<a class=\"kc-image-link kc-pretty-photo\" data-lightbox=\"kc-lightbox\" rel=\"prettyPhoto[581540]\" href=\"https:\/\/nuovastic.com\/wp-content\/uploads\/2023\/10\/0IMG_2448-2.jpg\"><img decoding=\"async\" src=\"https:\/\/nuovastic.com\/wp-content\/uploads\/2023\/10\/0IMG_2448-2.jpg\" alt=\"\" \/><\/a>\t\n\t\t\t<\/div>\n\t\n\t\t\t\t\t<div class=\"item\">\n\t\n\t\t\t<a class=\"kc-image-link kc-pretty-photo\" data-lightbox=\"kc-lightbox\" rel=\"prettyPhoto[581540]\" href=\"https:\/\/nuovastic.com\/wp-content\/uploads\/2023\/10\/0IMG_2494-2.jpg\"><img decoding=\"async\" src=\"https:\/\/nuovastic.com\/wp-content\/uploads\/2023\/10\/0IMG_2494-2.jpg\" alt=\"\" \/><\/a>\t\n\t\t\t<\/div>\n\t\n\t\t\t\t\t<div class=\"item\">\n\t\n\t\t\t<a class=\"kc-image-link kc-pretty-photo\" data-lightbox=\"kc-lightbox\" rel=\"prettyPhoto[581540]\" href=\"https:\/\/nuovastic.com\/wp-content\/uploads\/2023\/10\/0IMG_2499-2.jpg\"><img decoding=\"async\" src=\"https:\/\/nuovastic.com\/wp-content\/uploads\/2023\/10\/0IMG_2499-2.jpg\" alt=\"\" \/><\/a>\t\n\t\t\t<\/div>\n\t\n\t\t\t\t\t<div class=\"item\">\n\t\n\t\t\t<a class=\"kc-image-link kc-pretty-photo\" data-lightbox=\"kc-lightbox\" rel=\"prettyPhoto[581540]\" href=\"https:\/\/nuovastic.com\/wp-content\/uploads\/2023\/10\/0IMG_2511-2.jpg\"><img decoding=\"async\" src=\"https:\/\/nuovastic.com\/wp-content\/uploads\/2023\/10\/0IMG_2511-2.jpg\" alt=\"\" \/><\/a>\t\n\t\t\t<\/div>\n\t\n\t\t\t\n\t\t<\/div>\n\t\n\t\t\t<\/div>\n<\/div>\n<\/div><\/div><div id=\"entgratung\" class=\"kc-elm kc-css-841026 kc_tab ui-tabs-panel kc_ui-tabs-hide kc_clearfix \"><div class=\"kc_tab_content\"><div class=\"kc-elm kc-css-394090\">\n\t<div class=\"kc-carousel_images kc-elm kc-css-394090\">\n\t\n\t\t<div class=\"kc-carousel-images owl-carousel-images kc-sync1  owl-nav-arrow\" data-owl-i-options='{\"items\":\"1\",\"tablet\":\"1\",\"mobile\":\"1\",\"speed\":\"450\",\"navigation\":\"yes\",\"pagination\":\"yes\",\"autoheight\":\"\",\"progressbar\":\"\",\"delay\":\"8\",\"autoplay\":\"yes\",\"showthumb\":\"\",\"num_thumb\":\"5\"}'>\n\t\n\t\t\t\t\t<div class=\"item\">\n\t\n\t\t\t<a class=\"kc-image-link kc-pretty-photo\" data-lightbox=\"kc-lightbox\" rel=\"prettyPhoto[394090]\" href=\"https:\/\/nuovastic.com\/wp-content\/uploads\/2023\/10\/0DSC08790-2.jpg\"><img decoding=\"async\" src=\"https:\/\/nuovastic.com\/wp-content\/uploads\/2023\/10\/0DSC08790-2.jpg\" alt=\"\" \/><\/a>\t\n\t\t\t<\/div>\n\t\n\t\t\t\t\t<div class=\"item\">\n\t\n\t\t\t<a class=\"kc-image-link kc-pretty-photo\" data-lightbox=\"kc-lightbox\" rel=\"prettyPhoto[394090]\" href=\"https:\/\/nuovastic.com\/wp-content\/uploads\/2023\/10\/0DSC08786-2.jpg\"><img decoding=\"async\" src=\"https:\/\/nuovastic.com\/wp-content\/uploads\/2023\/10\/0DSC08786-2.jpg\" alt=\"\" \/><\/a>\t\n\t\t\t<\/div>\n\t\n\t\t\t\t\t<div class=\"item\">\n\t\n\t\t\t<a class=\"kc-image-link kc-pretty-photo\" data-lightbox=\"kc-lightbox\" rel=\"prettyPhoto[394090]\" href=\"https:\/\/nuovastic.com\/wp-content\/uploads\/2023\/10\/0DSC08785-2.jpg\"><img decoding=\"async\" src=\"https:\/\/nuovastic.com\/wp-content\/uploads\/2023\/10\/0DSC08785-2.jpg\" alt=\"\" \/><\/a>\t\n\t\t\t<\/div>\n\t\n\t\t\t\t\t<div class=\"item\">\n\t\n\t\t\t<a class=\"kc-image-link kc-pretty-photo\" data-lightbox=\"kc-lightbox\" rel=\"prettyPhoto[394090]\" href=\"https:\/\/nuovastic.com\/wp-content\/uploads\/2023\/10\/0DSC08779-2.jpg\"><img decoding=\"async\" src=\"https:\/\/nuovastic.com\/wp-content\/uploads\/2023\/10\/0DSC08779-2.jpg\" alt=\"\" \/><\/a>\t\n\t\t\t<\/div>\n\t\n\t\t\t\t\t<div class=\"item\">\n\t\n\t\t\t<a class=\"kc-image-link kc-pretty-photo\" data-lightbox=\"kc-lightbox\" rel=\"prettyPhoto[394090]\" href=\"https:\/\/nuovastic.com\/wp-content\/uploads\/2023\/10\/0DSC08777-2.jpg\"><img decoding=\"async\" src=\"https:\/\/nuovastic.com\/wp-content\/uploads\/2023\/10\/0DSC08777-2.jpg\" alt=\"\" \/><\/a>\t\n\t\t\t<\/div>\n\t\n\t\t\t\t\t<div class=\"item\">\n\t\n\t\t\t<a class=\"kc-image-link kc-pretty-photo\" data-lightbox=\"kc-lightbox\" rel=\"prettyPhoto[394090]\" href=\"https:\/\/nuovastic.com\/wp-content\/uploads\/2023\/10\/0DSC08774-2.jpg\"><img decoding=\"async\" src=\"https:\/\/nuovastic.com\/wp-content\/uploads\/2023\/10\/0DSC08774-2.jpg\" alt=\"\" \/><\/a>\t\n\t\t\t<\/div>\n\t\n\t\t\t\n\t\t<\/div>\n\t\n\t\t\t<\/div>\n<\/div>\n<\/div><\/div><div id=\"schweisen\" class=\"kc-elm kc-css-73392 kc_tab ui-tabs-panel kc_ui-tabs-hide kc_clearfix \"><div class=\"kc_tab_content\"><div class=\"kc-elm kc-css-923472\">\n\t<div class=\"kc-carousel_images kc-elm kc-css-923472\">\n\t\n\t\t<div class=\"kc-carousel-images owl-carousel-images kc-sync1  owl-nav-arrow\" data-owl-i-options='{\"items\":\"1\",\"tablet\":\"1\",\"mobile\":\"1\",\"speed\":\"450\",\"navigation\":\"yes\",\"pagination\":\"yes\",\"autoheight\":\"\",\"progressbar\":\"\",\"delay\":\"8\",\"autoplay\":\"yes\",\"showthumb\":\"\",\"num_thumb\":\"5\"}'>\n\t\n\t\t\t\t\t<div class=\"item\">\n\t\n\t\t\t<a class=\"kc-image-link kc-pretty-photo\" data-lightbox=\"kc-lightbox\" rel=\"prettyPhoto[923472]\" href=\"https:\/\/nuovastic.com\/wp-content\/uploads\/2023\/10\/foto-3-2.jpg\"><img decoding=\"async\" src=\"https:\/\/nuovastic.com\/wp-content\/uploads\/2023\/10\/foto-3-2.jpg\" alt=\"\" \/><\/a>\t\n\t\t\t<\/div>\n\t\n\t\t\t\t\t<div class=\"item\">\n\t\n\t\t\t<a class=\"kc-image-link kc-pretty-photo\" data-lightbox=\"kc-lightbox\" rel=\"prettyPhoto[923472]\" href=\"https:\/\/nuovastic.com\/wp-content\/uploads\/2023\/10\/foto-5-2.jpg\"><img decoding=\"async\" src=\"https:\/\/nuovastic.com\/wp-content\/uploads\/2023\/10\/foto-5-2.jpg\" alt=\"\" \/><\/a>\t\n\t\t\t<\/div>\n\t\n\t\t\t\t\t<div class=\"item\">\n\t\n\t\t\t<a class=\"kc-image-link kc-pretty-photo\" data-lightbox=\"kc-lightbox\" rel=\"prettyPhoto[923472]\" href=\"https:\/\/nuovastic.com\/wp-content\/uploads\/2023\/10\/foto-4-2.jpg\"><img decoding=\"async\" src=\"https:\/\/nuovastic.com\/wp-content\/uploads\/2023\/10\/foto-4-2.jpg\" alt=\"\" \/><\/a>\t\n\t\t\t<\/div>\n\t\n\t\t\t\t\t<div class=\"item\">\n\t\n\t\t\t<a class=\"kc-image-link kc-pretty-photo\" data-lightbox=\"kc-lightbox\" rel=\"prettyPhoto[923472]\" href=\"https:\/\/nuovastic.com\/wp-content\/uploads\/2023\/10\/0DSC08723-2.jpg\"><img decoding=\"async\" src=\"https:\/\/nuovastic.com\/wp-content\/uploads\/2023\/10\/0DSC08723-2.jpg\" alt=\"\" \/><\/a>\t\n\t\t\t<\/div>\n\t\n\t\t\t\t\t<div class=\"item\">\n\t\n\t\t\t<a class=\"kc-image-link kc-pretty-photo\" data-lightbox=\"kc-lightbox\" rel=\"prettyPhoto[923472]\" href=\"https:\/\/nuovastic.com\/wp-content\/uploads\/2023\/10\/0DSC08750-2.jpg\"><img decoding=\"async\" src=\"https:\/\/nuovastic.com\/wp-content\/uploads\/2023\/10\/0DSC08750-2.jpg\" alt=\"\" \/><\/a>\t\n\t\t\t<\/div>\n\t\n\t\t\t\t\t<div class=\"item\">\n\t\n\t\t\t<a class=\"kc-image-link kc-pretty-photo\" data-lightbox=\"kc-lightbox\" rel=\"prettyPhoto[923472]\" href=\"https:\/\/nuovastic.com\/wp-content\/uploads\/2023\/10\/foto-6-4.jpg\"><img decoding=\"async\" src=\"https:\/\/nuovastic.com\/wp-content\/uploads\/2023\/10\/foto-6-4.jpg\" alt=\"\" \/><\/a>\t\n\t\t\t<\/div>\n\t\n\t\t\t\t\t<div class=\"item\">\n\t\n\t\t\t<a class=\"kc-image-link kc-pretty-photo\" data-lightbox=\"kc-lightbox\" rel=\"prettyPhoto[923472]\" href=\"https:\/\/nuovastic.com\/wp-content\/uploads\/2023\/10\/IMG_2412-2.jpg\"><img decoding=\"async\" src=\"https:\/\/nuovastic.com\/wp-content\/uploads\/2023\/10\/IMG_2412-2.jpg\" alt=\"\" \/><\/a>\t\n\t\t\t<\/div>\n\t\n\t\t\t\t\t<div class=\"item\">\n\t\n\t\t\t<a class=\"kc-image-link kc-pretty-photo\" data-lightbox=\"kc-lightbox\" rel=\"prettyPhoto[923472]\" href=\"https:\/\/nuovastic.com\/wp-content\/uploads\/2023\/10\/foto-11-6.jpg\"><img decoding=\"async\" src=\"https:\/\/nuovastic.com\/wp-content\/uploads\/2023\/10\/foto-11-6.jpg\" alt=\"\" \/><\/a>\t\n\t\t\t<\/div>\n\t\n\t\t\t\t\t<div class=\"item\">\n\t\n\t\t\t<a class=\"kc-image-link kc-pretty-photo\" data-lightbox=\"kc-lightbox\" rel=\"prettyPhoto[923472]\" href=\"https:\/\/nuovastic.com\/wp-content\/uploads\/2023\/10\/11-2.jpg\"><img decoding=\"async\" src=\"https:\/\/nuovastic.com\/wp-content\/uploads\/2023\/10\/11-2.jpg\" alt=\"\" \/><\/a>\t\n\t\t\t<\/div>\n\t\n\t\t\t\t\t<div class=\"item\">\n\t\n\t\t\t<a class=\"kc-image-link kc-pretty-photo\" data-lightbox=\"kc-lightbox\" rel=\"prettyPhoto[923472]\" href=\"https:\/\/nuovastic.com\/wp-content\/uploads\/2023\/10\/12-2.jpg\"><img decoding=\"async\" src=\"https:\/\/nuovastic.com\/wp-content\/uploads\/2023\/10\/12-2.jpg\" alt=\"\" \/><\/a>\t\n\t\t\t<\/div>\n\t\n\t\t\t\t\t<div class=\"item\">\n\t\n\t\t\t<a class=\"kc-image-link kc-pretty-photo\" data-lightbox=\"kc-lightbox\" rel=\"prettyPhoto[923472]\" href=\"https:\/\/nuovastic.com\/wp-content\/uploads\/2023\/10\/0DSC08763-2.jpg\"><img decoding=\"async\" src=\"https:\/\/nuovastic.com\/wp-content\/uploads\/2023\/10\/0DSC08763-2.jpg\" alt=\"\" \/><\/a>\t\n\t\t\t<\/div>\n\t\n\t\t\t\n\t\t<\/div>\n\t\n\t\t\t<\/div>\n<\/div>\n<\/div><\/div>\t<\/div>\n<\/div>\n\n\n<div class=\"kc-elm kc-css-408846\" style=\"height: 200px; clear: both; width:100%;\"><\/div><\/div><\/div><\/div><\/div><\/div><\/div><\/div><\/section><\/p>\n","protected":false},"excerpt":{"rendered":"","protected":false},"author":1,"featured_media":0,"parent":0,"menu_order":0,"comment_status":"closed","ping_status":"closed","template":"page-full-width-without-heading.php","meta":{"jetpack_post_was_ever_published":false,"footnotes":""},"aioseo_notices":[],"jetpack_sharing_enabled":true,"jetpack_shortlink":"https:\/\/wp.me\/P9OIHT-m6","_links":{"self":[{"href":"https:\/\/nuovastic.com\/index.php?rest_route=\/wp\/v2\/pages\/1370"}],"collection":[{"href":"https:\/\/nuovastic.com\/index.php?rest_route=\/wp\/v2\/pages"}],"about":[{"href":"https:\/\/nuovastic.com\/index.php?rest_route=\/wp\/v2\/types\/page"}],"author":[{"embeddable":true,"href":"https:\/\/nuovastic.com\/index.php?rest_route=\/wp\/v2\/users\/1"}],"replies":[{"embeddable":true,"href":"https:\/\/nuovastic.com\/index.php?rest_route=%2Fwp%2Fv2%2Fcomments&post=1370"}],"version-history":[{"count":29,"href":"https:\/\/nuovastic.com\/index.php?rest_route=\/wp\/v2\/pages\/1370\/revisions"}],"predecessor-version":[{"id":2700,"href":"https:\/\/nuovastic.com\/index.php?rest_route=\/wp\/v2\/pages\/1370\/revisions\/2700"}],"wp:attachment":[{"href":"https:\/\/nuovastic.com\/index.php?rest_route=%2Fwp%2Fv2%2Fmedia&parent=1370"}],"curies":[{"name":"wp","href":"https:\/\/api.w.org\/{rel}","templated":true}]}}