{"id":1359,"date":"2018-03-31T18:35:49","date_gmt":"2018-03-31T16:35:49","guid":{"rendered":"http:\/\/localhost:8888\/?page_id=1359"},"modified":"2023-10-12T12:45:37","modified_gmt":"2023-10-12T10:45:37","slug":"leistungen","status":"publish","type":"page","link":"https:\/\/nuovastic.com\/?page_id=1359","title":{"rendered":"Leistungen"},"content":{"rendered":"<p><section class=\"kc-elm kc-css-674789 kc_row\"><div class=\"kc-row-container  kc-container\"><div class=\"kc-wrap-columns\"><div class=\"kc-elm kc-css-839363 kc_col-sm-12 kc_column kc_col-sm-12\"><div class=\"kc-col-container\"><div class=\"kc-elm kc-css-451907 kc_shortcode kc_single_image\">\n\n        <img decoding=\"async\" src=\"https:\/\/nuovastic.com\/wp-content\/uploads\/2023\/10\/Banner03-scaled.jpg\" class=\"\" alt=\"\" \/>    <\/div>\n<div class=\"kc-elm kc-css-44879\" style=\"height: 20px; clear: both; width:100%;\"><\/div><\/div><\/div><\/div><\/div><\/section><section class=\"kc-elm kc-css-794809 kc_row\"><div class=\"kc-row-container  kc-container\"><div class=\"kc-wrap-columns\"><div class=\"kc-elm kc-css-151907 kc_col-sm-3 kc_column kc_col-sm-3\"><div class=\"kc-col-container\"><div class=\"kc-elm kc-css-622416 kc_row kc_row_inner\"><div class=\"kc-elm kc-css-482044 kc_col-sm-9 kc_column_inner kc_col-sm-9\"><div class=\"kc_wrapper kc-col-inner-container\"><div class=\"kc-elm kc-css-694448 kc_text_block\"><\/p>\n<p><strong>ZERTIFIZIERUNGEN:<\/strong><\/p>\n<p class=\"with-icon\"><strong>UNI EN ISO 3834-2<\/strong><br \/>Qualit\u00e4tserfordernisse des Schwei\u00df-Verfahrens f\u00fcr die Fusion der Metalle<br \/><i class=\"fa fa-file-pdf-o\"><\/i> <a class=\"pdf\" href=\"https:\/\/acrobat.adobe.com\/id\/urn:aaid:sc:EU:45a9a348-a717-4d88-8296-69e92c103554\" target=\"_blank\" rel=\"noopener noreferrer\">Download PDF<\/a><\/p>\n<p class=\"with-icon\"><strong>UNI EN 15085-2<\/strong><br \/>Schwei\u00dfen von Schienenfahrzeugen und \u2013fahrzeugteilen<br \/><i class=\"fa fa-file-pdf-o\"><\/i> <a class=\"pdf\" href=\"https:\/\/acrobat.adobe.com\/id\/urn:aaid:sc:eu:261bd04b-590b-40d5-8a67-051531d9e439\" target=\"_blank\" rel=\"noopener noreferrer\">Download PDF<\/a><\/p>\n<p class=\"with-icon\"><strong>UNI EN ISO 9001-2015<\/strong><br \/>Qualit\u00e4tsmanagementsystem<br \/><i class=\"fa fa-file-pdf-o\"><\/i> <a class=\"pdf\" href=\"https:\/\/acrobat.adobe.com\/id\/urn:aaid:sc:EU:5997c69f-d55f-478c-83e7-2a8c0afafe7a\" target=\"_blank\" rel=\"noopener noreferrer\">Download PDF<\/a><\/p>\n<p>\n<\/div><\/div><\/div><\/div><div class=\"kc-elm kc-css-39752\" style=\"height: 10px; clear: both; width:100%;\"><\/div><div class=\"kc-elm kc-css-785134 kc_row kc_row_inner\"><div class=\"kc-elm kc-css-746187 kc_col-sm-12 kc_column_inner kc_col-sm-12\"><div class=\"kc_wrapper kc-col-inner-container\"><div class=\"kc-elm kc-css-494417 kc_text_block\"><\/p>\n<p><i class=\"fa fa-file-pdf-o\"><\/i> <a class=\"pdf\" href=\"https:\/\/acrobat.adobe.com\/id\/urn:aaid:sc:eu:dda35637-2881-40ad-a91b-a9560907a70a\">Politik f\u00fcr die Qualit\u00e4t<\/a><\/p>\n<p>\n<\/div><\/div><\/div><\/div><div class=\"kc-elm kc-css-118250\" style=\"height: 10px; clear: both; width:100%;\"><\/div><div class=\"kc-elm kc-css-496330 kc_row kc_row_inner\"><div class=\"kc-elm kc-css-932033 kc_col-sm-12 kc_column_inner kc_col-sm-12\"><div class=\"kc_wrapper kc-col-inner-container\"><div class=\"kc-elm kc-css-139914 kc_text_block\"><\/p>\n<p>\n<i class=\"fa fa-file-pdf-o\"><\/i> <a class=\"pdf\" href=\"https:\/\/drive.google.com\/open?id=1mRhcOUCSkpgegSJr7sDd41DozqaBQmlJ\">Datenschutzerkl\u00e4rung<\/a><\/p>\n<p>\n<\/div><\/div><\/div><\/div><div class=\"kc-elm kc-css-60400\" style=\"height: 200px; clear: both; width:100%;\"><\/div><\/div><\/div><div class=\"kc-elm kc-css-659394 kc_col-sm-9 kc_column kc_col-sm-9\"><div class=\"kc-col-container\"><div class=\"kc-elm kc-css-209081 kc_row kc_row_inner\"><div class=\"kc-elm kc-css-899397 kc_col-sm-12 kc_column_inner kc_col-sm-12\"><div class=\"kc_wrapper kc-col-inner-container\"><div class=\"kc-elm kc-css-931371 kc-feature-boxes kc-fb-layout-5\">\n\n\t<div class=\"content-position\">Beste l\u00f6sung f\u00fcr jede anforderung<\/div><div class=\"content-title\">Erfahren Sie mehr \u00fcber unsere Dienstleistungen:<\/div><div class=\"content-desc\">Das Team von hochqualifizierten Fachleute begleitet Ihr Produkt von der ersten Planungsphase bis zum Endprodukt und zur Qualit\u00e4tskontrolle.\r\n<br> <br> \r\nHeute verf\u00fcgt der Betrieb \u00fcber einen modernsten Maschinenpark, deswegen bietet Nuova Stic eine umfangreiche Leistungspalette und verschiedene Schwei\u00dftechniken. Die Pr\u00e4zision und Sorgf\u00e4ltigkeit werden jedem kleinsten Detail gewidmet.<\/div>\n<\/div>\n<\/div><\/div><\/div><div class=\"kc-elm kc-css-506307 kc_row kc_row_inner\"><div class=\"kc-elm kc-css-320030 kc_col-sm-4 kc_column_inner kc_col-sm-4\"><div class=\"kc_wrapper kc-col-inner-container\">\n<div class=\"kc-elm kc-css-796798 kc-image-hover-effects kc-img-effects-1 zoom_in\">\n\n\t<a href=\"https:\/\/nuovastic.com\/?page_id=1400\"><img decoding=\"async\" src=\"https:\/\/nuovastic.com\/wp-content\/uploads\/2023\/10\/0DSC08639-2.jpg\" alt=\"\"\/><\/a><a href=\"https:\/\/nuovastic.com\/?page_id=1400\"><div class=\"overlay-effects\"><div class=\"content-title\">Konstruktion & Kontrolle <\/div><\/div><\/a>\n<\/div><div class=\"kc-elm kc-css-535436 kc_text_block\"><\/p>\n<p>\nKonstruktion &#038; Kontrolle<\/p>\n<p>\n<\/div><\/div><\/div><div class=\"kc-elm kc-css-959150 kc_col-sm-4 kc_column_inner kc_col-sm-4\"><div class=\"kc_wrapper kc-col-inner-container\">\n<div class=\"kc-elm kc-css-450424 kc-image-hover-effects kc-img-effects-1 zoom_in\">\n\n\t<a href=\"https:\/\/nuovastic.com\/?page_id=1454\"><img decoding=\"async\" src=\"https:\/\/nuovastic.com\/wp-content\/uploads\/2023\/10\/0DSC08381-2.jpg\" alt=\"\"\/><\/a><a href=\"https:\/\/nuovastic.com\/?page_id=1454\"><div class=\"overlay-effects\"><div class=\"content-title\">Laserschneiden<\/div><\/div><\/a>\n<\/div><div class=\"kc-elm kc-css-704964 kc_text_block\"><\/p>\n<p>\nLaserschneiden<\/p>\n<p>\n<\/div><\/div><\/div><div class=\"kc-elm kc-css-841885 kc_col-sm-4 kc_column_inner kc_col-sm-4\"><div class=\"kc_wrapper kc-col-inner-container\">\n<div class=\"kc-elm kc-css-983709 kc-image-hover-effects kc-img-effects-1 zoom_in\">\n\n\t<a href=\"https:\/\/nuovastic.com\/?page_id=1463\"><img decoding=\"async\" src=\"https:\/\/nuovastic.com\/wp-content\/uploads\/2023\/10\/IMG_2397-2.jpg\" alt=\"\"\/><\/a><a href=\"https:\/\/nuovastic.com\/?page_id=1463\"><div class=\"overlay-effects\"><div class=\"content-title\">Stanzen<\/div><\/div><\/a>\n<\/div><div class=\"kc-elm kc-css-644725 kc_text_block\"><\/p>\n<p>\nStanzen<\/p>\n<p>\n<\/div><\/div><\/div><\/div><div class=\"kc-elm kc-css-83271 kc_row kc_row_inner\"><div class=\"kc-elm kc-css-230733 kc_col-sm-4 kc_column_inner kc_col-sm-4\"><div class=\"kc_wrapper kc-col-inner-container\">\n<div class=\"kc-elm kc-css-527650 kc-image-hover-effects kc-img-effects-1 zoom_in\">\n\n\t<a href=\"https:\/\/nuovastic.com\/?page_id=1476\"><img decoding=\"async\" src=\"https:\/\/nuovastic.com\/wp-content\/uploads\/2023\/10\/IMG_2217-2.jpg\" alt=\"\"\/><\/a><a href=\"https:\/\/nuovastic.com\/?page_id=1476\"><div class=\"overlay-effects\"><div class=\"content-title\">Entgratung <\/div><\/div><\/a>\n<\/div><div class=\"kc-elm kc-css-560704 kc_text_block\"><\/p>\n<p>\nEntgratung<\/p>\n<p>\n<\/div><\/div><\/div><div class=\"kc-elm kc-css-18490 kc_col-sm-4 kc_column_inner kc_col-sm-4\"><div class=\"kc_wrapper kc-col-inner-container\">\n<div class=\"kc-elm kc-css-427422 kc-image-hover-effects kc-img-effects-1 zoom_in\">\n\n\t<a href=\"https:\/\/nuovastic.com\/?page_id=1470\"><img decoding=\"async\" src=\"https:\/\/nuovastic.com\/wp-content\/uploads\/2023\/10\/IMG_2373-2.jpg\" alt=\"\"\/><\/a><a href=\"https:\/\/nuovastic.com\/?page_id=1470\"><div class=\"overlay-effects\"><div class=\"content-title\">Abkanten<\/div><\/div><\/a>\n<\/div><div class=\"kc-elm kc-css-507279 kc_text_block\"><\/p>\n<p>\nAbkanten<\/p>\n<p>\n<\/div><\/div><\/div><div class=\"kc-elm kc-css-599908 kc_col-sm-4 kc_column_inner kc_col-sm-4\"><div class=\"kc_wrapper kc-col-inner-container\">\n<div class=\"kc-elm kc-css-153836 kc-image-hover-effects kc-img-effects-1 zoom_in\">\n\n\t<a href=\"https:\/\/nuovastic.com\/?page_id=1486\"><img decoding=\"async\" src=\"https:\/\/nuovastic.com\/wp-content\/uploads\/2023\/10\/foto-1-2.jpg\" alt=\"\"\/><\/a><a href=\"https:\/\/nuovastic.com\/?page_id=1486\"><div class=\"overlay-effects\"><div class=\"content-title\">Schwei\u00dfen<\/div><\/div><\/a>\n<\/div><div class=\"kc-elm kc-css-719834 kc_text_block\"><\/p>\n<p>\nSchwei\u00dfen<\/p>\n<p>\n<\/div><\/div><\/div><\/div><\/div><\/div><\/div><\/div><\/section><\/p>\n","protected":false},"excerpt":{"rendered":"","protected":false},"author":1,"featured_media":0,"parent":0,"menu_order":0,"comment_status":"closed","ping_status":"closed","template":"page-full-width-without-heading.php","meta":{"jetpack_post_was_ever_published":false,"footnotes":""},"aioseo_notices":[],"jetpack_sharing_enabled":true,"jetpack_shortlink":"https:\/\/wp.me\/P9OIHT-lV","_links":{"self":[{"href":"https:\/\/nuovastic.com\/index.php?rest_route=\/wp\/v2\/pages\/1359"}],"collection":[{"href":"https:\/\/nuovastic.com\/index.php?rest_route=\/wp\/v2\/pages"}],"about":[{"href":"https:\/\/nuovastic.com\/index.php?rest_route=\/wp\/v2\/types\/page"}],"author":[{"embeddable":true,"href":"https:\/\/nuovastic.com\/index.php?rest_route=\/wp\/v2\/users\/1"}],"replies":[{"embeddable":true,"href":"https:\/\/nuovastic.com\/index.php?rest_route=%2Fwp%2Fv2%2Fcomments&post=1359"}],"version-history":[{"count":28,"href":"https:\/\/nuovastic.com\/index.php?rest_route=\/wp\/v2\/pages\/1359\/revisions"}],"predecessor-version":[{"id":1361,"href":"https:\/\/nuovastic.com\/index.php?rest_route=\/wp\/v2\/pages\/1359\/revisions\/1361"}],"wp:attachment":[{"href":"https:\/\/nuovastic.com\/index.php?rest_route=%2Fwp%2Fv2%2Fmedia&parent=1359"}],"curies":[{"name":"wp","href":"https:\/\/api.w.org\/{rel}","templated":true}]}}