{"id":1339,"date":"2018-03-30T23:24:06","date_gmt":"2018-03-30T21:24:06","guid":{"rendered":"http:\/\/localhost:8888\/?page_id=1339"},"modified":"2023-10-12T12:46:15","modified_gmt":"2023-10-12T10:46:15","slug":"unternehmen","status":"publish","type":"page","link":"https:\/\/nuovastic.com\/?page_id=1339","title":{"rendered":"Unternehmen"},"content":{"rendered":"<p><section class=\"kc-elm kc-css-204189 kc_row\"><div class=\"kc-row-container  kc-container\"><div class=\"kc-wrap-columns\"><div class=\"kc-elm kc-css-969742 kc_col-sm-12 kc_column kc_col-sm-12\"><div class=\"kc-col-container\"><div class=\"kc-elm kc-css-770133 kc_shortcode kc_single_image\">\n\n        <img decoding=\"async\" src=\"https:\/\/nuovastic.com\/wp-content\/uploads\/2023\/10\/Banner0-scaled.jpg\" class=\"\" alt=\"\" \/>    <\/div>\n<div class=\"kc-elm kc-css-254390\" style=\"height: 20px; clear: both; width:100%;\"><\/div><\/div><\/div><\/div><\/div><\/section><section class=\"kc-elm kc-css-23483 kc_row\"><div class=\"kc-row-container  kc-container\"><div class=\"kc-wrap-columns\"><div class=\"kc-elm kc-css-843956 kc_col-sm-3 kc_column kc_col-sm-3\"><div class=\"kc-col-container\"><div class=\"kc-elm kc-css-16173 kc_row kc_row_inner\"><div class=\"kc-elm kc-css-591498 kc_col-sm-9 kc_column_inner kc_col-sm-9\"><div class=\"kc_wrapper kc-col-inner-container\"><div class=\"kc-elm kc-css-329655 kc_text_block\"><\/p>\n<p><strong>ZERTIFIZIERUNGEN:<\/strong><\/p>\n<p class=\"with-icon\"><strong>UNI EN ISO 3834-2<\/strong><br \/>Qualit\u00e4tserfordernisse des Schwei\u00df-Verfahrens f\u00fcr die Fusion der Metalle<br \/><i class=\"fa fa-file-pdf-o\"><\/i> <a class=\"pdf\" href=\"https:\/\/acrobat.adobe.com\/id\/urn:aaid:sc:EU:45a9a348-a717-4d88-8296-69e92c103554\" target=\"_blank\" rel=\"noopener noreferrer\">Download PDF<\/a><\/p>\n<p class=\"with-icon\"><strong>UNI EN\u00a0 15085-2<\/strong><br \/>Schwei\u00dfen von Schienenfahrzeugen und \u2013fahrzeugteilen<br \/><i class=\"fa fa-file-pdf-o\"><\/i> <a class=\"pdf\" href=\"https:\/\/acrobat.adobe.com\/id\/urn:aaid:sc:eu:261bd04b-590b-40d5-8a67-051531d9e439\" target=\"_blank\" rel=\"noopener noreferrer\">Download PDF<\/a><\/p>\n<p class=\"with-icon\"><strong>UNI EN ISO 9001-2015<\/strong><br \/>Qualit\u00e4tsmanagementsystem<br \/><i class=\"fa fa-file-pdf-o\"><\/i> <a class=\"pdf\" href=\"https:\/\/acrobat.adobe.com\/id\/urn:aaid:sc:EU:5997c69f-d55f-478c-83e7-2a8c0afafe7a\" target=\"_blank\" rel=\"noopener noreferrer\">Download PDF<\/a><\/p>\n<p>\n<\/div><\/div><\/div><\/div><div class=\"kc-elm kc-css-397157\" style=\"height: 10px; clear: both; width:100%;\"><\/div><div class=\"kc-elm kc-css-690463 kc_row kc_row_inner\"><div class=\"kc-elm kc-css-873357 kc_col-sm-12 kc_column_inner kc_col-sm-12\"><div class=\"kc_wrapper kc-col-inner-container\"><div class=\"kc-elm kc-css-390546 kc_text_block\"><\/p>\n<p><i class=\"fa fa-file-pdf-o\"><\/i> <a class=\"pdf\" href=\"https:\/\/acrobat.adobe.com\/id\/urn:aaid:sc:eu:dda35637-2881-40ad-a91b-a9560907a70a\">Politik f\u00fcr die Qualit\u00e4t<\/a><\/p>\n<p>\n<\/div><\/div><\/div><\/div><div class=\"kc-elm kc-css-763115\" style=\"height: 10px; clear: both; width:100%;\"><\/div><div class=\"kc-elm kc-css-881489 kc_row kc_row_inner\"><div class=\"kc-elm kc-css-316754 kc_col-sm-12 kc_column_inner kc_col-sm-12\"><div class=\"kc_wrapper kc-col-inner-container\"><div class=\"kc-elm kc-css-612708 kc_text_block\"><\/p>\n<p>\n<i class=\"fa fa-file-pdf-o\"><\/i> <a class=\"pdf\" href=\"https:\/\/drive.google.com\/open?id=1mRhcOUCSkpgegSJr7sDd41DozqaBQmlJ\">Datenschutzerkl\u00e4rung<\/a><\/p>\n<p>\n<\/div><\/div><\/div><\/div><div class=\"kc-elm kc-css-752408\" style=\"height: 200px; clear: both; width:100%;\"><\/div><\/div><\/div><div class=\"kc-elm kc-css-345819 kc_col-sm-9 kc_column kc_col-sm-9\"><div class=\"kc-col-container\"><div class=\"kc-elm kc-css-631102 kc-feature-boxes kc-fb-layout-5\">\n\n\t<div class=\"content-position\">Eine Geschichte der Exzellenz<\/div><div class=\"content-title\">Nuova Stic<\/div><div class=\"content-desc\">Die Firma Nuova Stic wurde im Jahr 1984 gegr\u00fcndet. Die Firma ist heute ein ausgezeichnetes Unternehmen, das sich auf Metallbau spezialisiert.\r\nWas Nuova Stic unterscheidet, sind die Vielseitigkeit und Flexibilit\u00e4t, die den Kunden sowohl Werkst\u00fccke in industrieller Serienproduktion als auch handwerkliche Ma\u00dfanfertigungen anbieten.\r\n<br><br>\r\nDas Unternehmen liegt besondere Aufmerksamkeit auf der Qualit\u00e4t und Kundenzufriedenheit. Es verf\u00fcgt \u00fcber hochqualifizierte Mitarbeiter dank der dauerhaften beruflichen Fortbildungen.\r\n<br><br>\r\nNuova Stic ist UNI EN ISO 9001:2015 zertifiziert!\r\n<\/div>\n<\/div>\n<\/div><\/div><\/div><\/div><\/section><section class=\"kc-elm kc-css-618440 kc_row\"><div class=\"kc-row-container  kc-container\"><div class=\"kc-wrap-columns\"><div class=\"kc-elm kc-css-256470 kc_col-sm-12 kc_column kc_col-sm-12\"><div class=\"kc-col-container\"><\/div><\/div><\/div><\/div><\/section><section class=\"kc-elm kc-css-471974 kc_row\"><div class=\"kc-row-container  kc-container\"><div class=\"kc-wrap-columns\"><div class=\"kc-elm kc-css-47536 kc_col-sm-12 kc_column kc_col-sm-12\"><div class=\"kc-col-container\"><\/div><\/div><\/div><\/div><\/section><\/p>\n","protected":false},"excerpt":{"rendered":"","protected":false},"author":1,"featured_media":0,"parent":0,"menu_order":0,"comment_status":"closed","ping_status":"closed","template":"page-full-width-without-heading.php","meta":{"jetpack_post_was_ever_published":false,"footnotes":""},"aioseo_notices":[],"jetpack_sharing_enabled":true,"jetpack_shortlink":"https:\/\/wp.me\/P9OIHT-lB","_links":{"self":[{"href":"https:\/\/nuovastic.com\/index.php?rest_route=\/wp\/v2\/pages\/1339"}],"collection":[{"href":"https:\/\/nuovastic.com\/index.php?rest_route=\/wp\/v2\/pages"}],"about":[{"href":"https:\/\/nuovastic.com\/index.php?rest_route=\/wp\/v2\/types\/page"}],"author":[{"embeddable":true,"href":"https:\/\/nuovastic.com\/index.php?rest_route=\/wp\/v2\/users\/1"}],"replies":[{"embeddable":true,"href":"https:\/\/nuovastic.com\/index.php?rest_route=%2Fwp%2Fv2%2Fcomments&post=1339"}],"version-history":[{"count":23,"href":"https:\/\/nuovastic.com\/index.php?rest_route=\/wp\/v2\/pages\/1339\/revisions"}],"predecessor-version":[{"id":1342,"href":"https:\/\/nuovastic.com\/index.php?rest_route=\/wp\/v2\/pages\/1339\/revisions\/1342"}],"wp:attachment":[{"href":"https:\/\/nuovastic.com\/index.php?rest_route=%2Fwp%2Fv2%2Fmedia&parent=1339"}],"curies":[{"name":"wp","href":"https:\/\/api.w.org\/{rel}","templated":true}]}}